{"id":150,"date":"2022-11-01T14:00:29","date_gmt":"2022-11-01T11:00:29","guid":{"rendered":"https:\/\/aydemcatioluk.com\/?page_id=150"},"modified":"2022-11-01T15:12:33","modified_gmt":"2022-11-01T12:12:33","slug":"ruzgar-gulu-esmatik","status":"publish","type":"page","link":"https:\/\/aydemcatioluk.com\/?page_id=150","title":{"rendered":"R\u00fczgar G\u00fcl\u00fc (Esmatik)"},"content":{"rendered":"","protected":false},"excerpt":{"rendered":"","protected":false},"author":1,"featured_media":0,"parent":0,"menu_order":0,"comment_status":"closed","ping_status":"closed","template":"","meta":{"_joinchat":[],"footnotes":""},"class_list":["post-150","page","type-page","status-publish","hentry"],"_links":{"self":[{"href":"https:\/\/aydemcatioluk.com\/index.php?rest_route=\/wp\/v2\/pages\/150","targetHints":{"allow":["GET"]}}],"collection":[{"href":"https:\/\/aydemcatioluk.com\/index.php?rest_route=\/wp\/v2\/pages"}],"about":[{"href":"https:\/\/aydemcatioluk.com\/index.php?rest_route=\/wp\/v2\/types\/page"}],"author":[{"embeddable":true,"href":"https:\/\/aydemcatioluk.com\/index.php?rest_route=\/wp\/v2\/users\/1"}],"replies":[{"embeddable":true,"href":"https:\/\/aydemcatioluk.com\/index.php?rest_route=%2Fwp%2Fv2%2Fcomments&post=150"}],"version-history":[{"count":5,"href":"https:\/\/aydemcatioluk.com\/index.php?rest_route=\/wp\/v2\/pages\/150\/revisions"}],"predecessor-version":[{"id":239,"href":"https:\/\/aydemcatioluk.com\/index.php?rest_route=\/wp\/v2\/pages\/150\/revisions\/239"}],"wp:attachment":[{"href":"https:\/\/aydemcatioluk.com\/index.php?rest_route=%2Fwp%2Fv2%2Fmedia&parent=150"}],"curies":[{"name":"wp","href":"https:\/\/api.w.org\/{rel}","templated":true}]}}