{"id":142,"date":"2022-11-01T13:56:14","date_gmt":"2022-11-01T10:56:14","guid":{"rendered":"https:\/\/aydemcatioluk.com\/?page_id=142"},"modified":"2022-11-01T19:39:10","modified_gmt":"2022-11-01T16:39:10","slug":"cati-tadilat-ve-bakimi","status":"publish","type":"page","link":"https:\/\/aydemcatioluk.com\/?page_id=142","title":{"rendered":"\u00c7at\u0131 Tadilat ve Bak\u0131m\u0131"},"content":{"rendered":"","protected":false},"excerpt":{"rendered":"","protected":false},"author":1,"featured_media":0,"parent":0,"menu_order":0,"comment_status":"closed","ping_status":"closed","template":"","meta":{"_joinchat":[],"footnotes":""},"class_list":["post-142","page","type-page","status-publish","hentry"],"_links":{"self":[{"href":"https:\/\/aydemcatioluk.com\/index.php?rest_route=\/wp\/v2\/pages\/142","targetHints":{"allow":["GET"]}}],"collection":[{"href":"https:\/\/aydemcatioluk.com\/index.php?rest_route=\/wp\/v2\/pages"}],"about":[{"href":"https:\/\/aydemcatioluk.com\/index.php?rest_route=\/wp\/v2\/types\/page"}],"author":[{"embeddable":true,"href":"https:\/\/aydemcatioluk.com\/index.php?rest_route=\/wp\/v2\/users\/1"}],"replies":[{"embeddable":true,"href":"https:\/\/aydemcatioluk.com\/index.php?rest_route=%2Fwp%2Fv2%2Fcomments&post=142"}],"version-history":[{"count":5,"href":"https:\/\/aydemcatioluk.com\/index.php?rest_route=\/wp\/v2\/pages\/142\/revisions"}],"predecessor-version":[{"id":264,"href":"https:\/\/aydemcatioluk.com\/index.php?rest_route=\/wp\/v2\/pages\/142\/revisions\/264"}],"wp:attachment":[{"href":"https:\/\/aydemcatioluk.com\/index.php?rest_route=%2Fwp%2Fv2%2Fmedia&parent=142"}],"curies":[{"name":"wp","href":"https:\/\/api.w.org\/{rel}","templated":true}]}}