{"id":136,"date":"2022-11-01T13:54:25","date_gmt":"2022-11-01T10:54:25","guid":{"rendered":"https:\/\/aydemcatioluk.com\/?page_id=136"},"modified":"2022-11-01T19:34:43","modified_gmt":"2022-11-01T16:34:43","slug":"cati-aktarma-ve-izolasyonu","status":"publish","type":"page","link":"https:\/\/aydemcatioluk.com\/?page_id=136","title":{"rendered":"\u00c7at\u0131 Aktarma ve \u0130zolasyonu"},"content":{"rendered":"","protected":false},"excerpt":{"rendered":"","protected":false},"author":1,"featured_media":0,"parent":0,"menu_order":0,"comment_status":"closed","ping_status":"closed","template":"","meta":{"_joinchat":[],"footnotes":""},"class_list":["post-136","page","type-page","status-publish","hentry"],"_links":{"self":[{"href":"https:\/\/aydemcatioluk.com\/index.php?rest_route=\/wp\/v2\/pages\/136","targetHints":{"allow":["GET"]}}],"collection":[{"href":"https:\/\/aydemcatioluk.com\/index.php?rest_route=\/wp\/v2\/pages"}],"about":[{"href":"https:\/\/aydemcatioluk.com\/index.php?rest_route=\/wp\/v2\/types\/page"}],"author":[{"embeddable":true,"href":"https:\/\/aydemcatioluk.com\/index.php?rest_route=\/wp\/v2\/users\/1"}],"replies":[{"embeddable":true,"href":"https:\/\/aydemcatioluk.com\/index.php?rest_route=%2Fwp%2Fv2%2Fcomments&post=136"}],"version-history":[{"count":5,"href":"https:\/\/aydemcatioluk.com\/index.php?rest_route=\/wp\/v2\/pages\/136\/revisions"}],"predecessor-version":[{"id":261,"href":"https:\/\/aydemcatioluk.com\/index.php?rest_route=\/wp\/v2\/pages\/136\/revisions\/261"}],"wp:attachment":[{"href":"https:\/\/aydemcatioluk.com\/index.php?rest_route=%2Fwp%2Fv2%2Fmedia&parent=136"}],"curies":[{"name":"wp","href":"https:\/\/api.w.org\/{rel}","templated":true}]}}